{"id":161,"date":"2022-07-04T09:09:47","date_gmt":"2022-07-04T09:09:47","guid":{"rendered":"https:\/\/staging.embedd.com\/de\/?page_id=161"},"modified":"2022-07-07T08:59:10","modified_gmt":"2022-07-07T08:59:10","slug":"docuclean","status":"publish","type":"page","link":"https:\/\/staging.embedd.com\/de\/docuclean\/","title":{"rendered":"Massenkonvertierung von MS-Office\u00ae Dokumenten"},"content":{"rendered":"\n<h4 class=\"wp-block-heading\">Generelle Informationen<\/h4>\n\n\n\n<p>Mit dem Wechsel auf die Open XML Formate in MS Office<sup>\u00ae<\/sup> ergibt sich f\u00fcr viele gr\u00f6\u00dfere Unternehmen und Beh\u00f6rden die Herausforderung, dass sich \u00fcber die Jahre gro\u00dfe Best\u00e4nde von MS Office\u00ae Dokumente im alten Format angesammelt haben. \u00c4ltere Dokument sind in vielen F\u00e4llen auch anf\u00e4llig f\u00fcr Infektionen mit (Macro-)Viren bzw. sind mit solchen bereits infiziert.<\/p>\n\n\n\n<p>Eine manuelle Konvertierung solcher gro\u00dfen Datenbest\u00e4nde gestaltet sich aus verschiedenen Gr\u00fcnden oftmals schwierig. Zum einen ist die Menge der Dokumente of so gro\u00df, dass Mitarbeiter speziell dieser T\u00e4tigkeit zugeordnet werden m\u00fcssten. Zum anderen unterliegen oftmals Dokumente organisatorischen Zugriffsbeschr\u00e4nkungen, die es erfordern dass Dritte erst die entsprechenden Berechtigungen im Unternehmen erhalten m\u00fcssen. Diese Aufw\u00e4nde verhindern oft, dass die absolute notwendige Dokumentenkonvertierung immer wieder aufgeschoben wird.<\/p>\n\n\n\n<p>Die Docuclean Appliance erlaubt es solchen Unternehmen Massenkonvertierungen automatisiert durchzuf\u00fchren. Der Nutzer erh\u00e4lt einen Eingangs- und einen Ausgangsordner auf die per SFTP zugegriffen werden kann. Die Dokumente im Eingangsordner werden vom System erfasst und vor der Konvertierung auf Viren \u00fcberpr\u00fcft <sup>1)<\/sup>. Im Anschluss nimmt das System die Konvertierung vor und platziert die in das Open XML Format konvertierten Dokumente im Ausgangsordner. Von dort kann der Benutzer die Dokumente dann wieder an den neuen Ablageort transferieren.<\/p>\n\n\n\n<figure class=\"wp-block-image size-large\"><img loading=\"lazy\" decoding=\"async\" width=\"1024\" height=\"374\" src=\"https:\/\/staging.embedd.com\/wp-content\/uploads\/2022\/07\/docuclean_basic_flow-1024x374.png\" alt=\"\" class=\"wp-image-182\" srcset=\"https:\/\/staging.embedd.com\/wp-content\/uploads\/2022\/07\/docuclean_basic_flow-1024x374.png 1024w, https:\/\/staging.embedd.com\/wp-content\/uploads\/2022\/07\/docuclean_basic_flow-300x110.png 300w, https:\/\/staging.embedd.com\/wp-content\/uploads\/2022\/07\/docuclean_basic_flow-768x280.png 768w, https:\/\/staging.embedd.com\/wp-content\/uploads\/2022\/07\/docuclean_basic_flow-1536x561.png 1536w, https:\/\/staging.embedd.com\/wp-content\/uploads\/2022\/07\/docuclean_basic_flow.png 1840w\" sizes=\"(max-width: 1024px) 100vw, 1024px\" \/><\/figure>\n\n\n\n<p>Falls bei einer Datei ein Virenbefall erkannt wird oder das Dokument nicht konvertiert werden kann, z.B. wenn das Dateiformat nicht erkannt wird oder die Datei besch\u00e4digt ist, dann wird diese Datei gel\u00f6scht und im Ausgangsordner eine Textdatei mit dem Originalnamen erzeugt. Diese Datei enth\u00e4lt eine kurze Fehlerbeschreibung. Dadurch ist immer gew\u00e4hrleistet dass f\u00fcr jede Datei die in den Eingangsorder kopiert wird auch eine Datei im Ausgang erzeugt wird. Damit ist immer eine exakte Kontrolle m\u00f6glich. Des weiteren steht eine Web-Oberfl\u00e4che zur Verf\u00fcgung.<\/p>\n\n\n\n<div class=\"wp-block-group\"><div class=\"wp-block-group__inner-container is-layout-flow wp-block-group-is-layout-flow\">\n<div class=\"wp-block-image\"><figure class=\"alignright size-full is-resized\"><img loading=\"lazy\" decoding=\"async\" src=\"https:\/\/staging.embedd.com\/wp-content\/uploads\/2022\/07\/docuclean-ui.png\" alt=\"\" class=\"wp-image-190\" width=\"460\" height=\"437\" srcset=\"https:\/\/staging.embedd.com\/wp-content\/uploads\/2022\/07\/docuclean-ui.png 1840w, https:\/\/staging.embedd.com\/wp-content\/uploads\/2022\/07\/docuclean-ui-300x285.png 300w, https:\/\/staging.embedd.com\/wp-content\/uploads\/2022\/07\/docuclean-ui-1024x973.png 1024w, https:\/\/staging.embedd.com\/wp-content\/uploads\/2022\/07\/docuclean-ui-768x730.png 768w, https:\/\/staging.embedd.com\/wp-content\/uploads\/2022\/07\/docuclean-ui-1536x1460.png 1536w\" sizes=\"(max-width: 460px) 100vw, 460px\" \/><\/figure><\/div>\n\n\n\n<h4 class=\"wp-block-heading\">Web-Oberfl\u00e4che<\/h4>\n\n\n\n<p>Die Weboberfl\u00e4che erlaubt jedem Benutzer den Status der Dokumentenkonvertierung Live zu verfolgen. Neben dem Gesamtstatus der Konvertierungen ist hier auch der Status jeder einzelnen Datei die in der Appliance verarbeitet wird einsehbar. Der Nutzer hat nur Zugriff auf den Status der Dateien die von ihm in das System \u00fcbertragen wurden.<\/p>\n\n\n\n<h4 class=\"wp-block-heading\">Benutzerverwaltung<\/h4>\n\n\n\n<p>Mit Hilfe der integrierten Benutzerverwaltung k\u00f6nnen verschiedenste Benutzer die Appliance gleichzeitig nutzen. Dabei kommt ein interner LDAP-Server zum Einsatz \u2013&nbsp;diese Vorgehensweise erlaubt es bei Bedarf statt des internen LDAP-Servers einen bereits im Unternehmen bestehenden LDAP-Server zu verwenden. Die Benutzerberechtigungen f\u00fcr die Appliance werden dann \u00fcber entsprechende Gruppen umgesetzt.<\/p>\n\n\n\n<h4 class=\"wp-block-heading\">Sicherheit<\/h4>\n\n\n\n<p>Die Docuclean Appliance implementiert ein striktes Sicherheitskonzept. Die Laufwerke des Systems werden mit einem HSM-Modul verschl\u00fcsselt, welches Eigentum des Kunden ist. Sollte die Appliance ausser Betrieb genommen werden, z.B. zu Wartungszwecken ausser Haus, kann das HSM-Modul entfernt werden um im System befindliche Dateien unlesbar zu machen.<\/p>\n\n\n\n<p>Die drei integrierten Netzwerkschnittstellen erlauben es, die Appliance in vielf\u00e4ltige Netzwerktopologien einzubinden. So kann z.B. ein externer Zugang (z.B. f\u00fcr Viren-Updates Wartungszwecke) \u00fcber einen Proxy mit Zugriffskontrolle \u00fcber ein dediziertes Netzwerkinterface eingerichtet werden w\u00e4hrend der interne Datenverkehr nochmals zwischen Benutzern und Administratoren getrennt wird. Wenn nicht gen\u00fcgend physische Netzwerkschnittstellen am Standort der Appliance vorhanden sind kann man die Netzwerktrennung wiederum \u00fcber VLANs umsetzen. <\/p>\n\n\n\n<h4 class=\"wp-block-heading\">Full-Serviced<\/h4>\n\n\n\n<p>Die Docuclean-Appliance wird auf Zeitbasis an Kunden vermietet. Dabei fallen auf Kundenseite nach der Einrichtung und Inbetriebnahme keine weiteren Wartungsarbeiten an &#8211; Software-Updates, Fehlerbehebungen und regul\u00e4rer Support (montlich limitierte Stundenzahl) sind im Mietpreis enthalten.<\/p>\n<\/div><\/div>\n\n\n\n<h4 class=\"wp-block-heading\">Spezifikationen<\/h4>\n\n\n\n<figure class=\"wp-block-table\"><table><tbody><tr><td><strong>Einbauform<\/strong><\/td><td>19&#8243; \/ 1 HE<\/td><\/tr><tr><td><strong>Netzwerkanbindung<\/strong><\/td><td>GigaBit Ethernet<\/td><\/tr><tr><td><strong>Verarbeitungsgeschwindigkeit<\/strong><\/td><td>bis zu 400 Dokumente \/ h<br>(kumuliert auf alle Benutzer)<\/td><\/tr><tr><td><strong>Konvertierbare Dokumentenformate<\/strong><\/td><td>MS Word, MS Excel, MS Powerpoint, MS Visio<\/td><\/tr><\/tbody><\/table><\/figure>\n\n\n\n<p>Weitere Informationen erhalten Sie auf Anfrage, wir beraten Sie gerne pers\u00f6nlich!<\/p>\n","protected":false},"excerpt":{"rendered":"<p>Generelle Informationen Mit dem Wechsel auf die Open XML Formate in MS Office\u00ae ergibt sich f\u00fcr viele gr\u00f6\u00dfere Unternehmen und Beh\u00f6rden die Herausforderung, dass sich \u00fcber die Jahre gro\u00dfe Best\u00e4nde von MS Office\u00ae Dokumente im alten Format angesammelt haben. \u00c4ltere Dokument sind in vielen F\u00e4llen auch anf\u00e4llig f\u00fcr Infektionen mit (Macro-)Viren bzw. sind mit solchen [&hellip;]<\/p>\n","protected":false},"author":1,"featured_media":0,"parent":0,"menu_order":0,"comment_status":"closed","ping_status":"closed","template":"","meta":{"footnotes":""},"_links":{"self":[{"href":"https:\/\/staging.embedd.com\/de\/wp-json\/wp\/v2\/pages\/161"}],"collection":[{"href":"https:\/\/staging.embedd.com\/de\/wp-json\/wp\/v2\/pages"}],"about":[{"href":"https:\/\/staging.embedd.com\/de\/wp-json\/wp\/v2\/types\/page"}],"author":[{"embeddable":true,"href":"https:\/\/staging.embedd.com\/de\/wp-json\/wp\/v2\/users\/1"}],"replies":[{"embeddable":true,"href":"https:\/\/staging.embedd.com\/de\/wp-json\/wp\/v2\/comments?post=161"}],"version-history":[{"count":35,"href":"https:\/\/staging.embedd.com\/de\/wp-json\/wp\/v2\/pages\/161\/revisions"}],"predecessor-version":[{"id":210,"href":"https:\/\/staging.embedd.com\/de\/wp-json\/wp\/v2\/pages\/161\/revisions\/210"}],"wp:attachment":[{"href":"https:\/\/staging.embedd.com\/de\/wp-json\/wp\/v2\/media?parent=161"}],"curies":[{"name":"wp","href":"https:\/\/api.w.org\/{rel}","templated":true}]}}