{"id":212,"date":"2022-07-07T08:38:27","date_gmt":"2022-07-07T08:38:27","guid":{"rendered":"https:\/\/staging.embedd.com\/de\/?page_id=212"},"modified":"2022-07-07T18:37:54","modified_gmt":"2022-07-07T18:37:54","slug":"behordenlosungen","status":"publish","type":"page","link":"https:\/\/staging.embedd.com\/de\/behordenlosungen\/","title":{"rendered":"Beh\u00f6rdenl\u00f6sungen"},"content":{"rendered":"\n<p>Unsere langj\u00e4hre Expertise in der Software-Entwicklung findet sich auch auch in Produkten wieder, die insbesondere f\u00fcr den Einsatz in Beh\u00f6rden und \u00f6ffentlichen Institutionen geeignet sind.<\/p>\n\n\n\n<h4 class=\"wp-block-heading\">Multi-WAN Router-L\u00f6sungen<\/h4>\n\n\n\n<p>Auf Basis von DD-WRT<sup>\u00ae<\/sup> NXT \u2013 unserer auf OpenWrt<sup>\u00ae<\/sup> basierenden Software f\u00fcr embedded Kommunikationssysteme \u2013 bieten wir leistungsf\u00e4hige Softw\u00e4rel\u00f6sungen f\u00fcr sog. Multi-WAN Router an. Diese Ger\u00e4te sind in der Lage, mehrere WAN-Verbindungen, z.B. mehrere Mobilfunkverbindungen (4G\/5G), WLAN oder Satelliten-Uplinks, dynamisch zu verwalten. Dabei kann der Schwerkpunkt entweder auf maximale Ausfallsicherheit oder auf maximale Bandbreite gesetzte werden \u2013 unsere Softwarel\u00f6sung liefert immer ein optimales Ergebnis. Des weiteren erlaubt unsere L\u00f6sung es wartungsfreie private Netzwerke aufzubauen, die sich dynamisch an die jeweiligen Gegebenheiten anpassen.<\/p>\n\n\n\n<h4 class=\"wp-block-heading\">Konvertierungsl\u00f6sungen f\u00fcr Dokumente<\/h4>\n\n\n\n<p>Unsere Docuclean-Appliance erm\u00f6glicht es, gro\u00dfe Best\u00e4nde alter Microsoft<sup>\u00ae<\/sup> Office<sup>\u00ae<\/sup> Dokumente in die aktuellen Open XML Formate zu \u00fcberf\u00fchren. Dabei werden die Dokumente auch auf Malware und Viren gepr\u00fcft. Die integrierte Benutzerverwaltung erlaubt es, dass auch restriktiver Dokumentenzugriff in gro\u00dfen Unternehmen und Beh\u00f6rden effektiv abgebildet werden kann.<\/p>\n\n\n\n<p><a href=\"\/de\/docuclean\/\">Weitere Informationen<\/a><\/p>\n","protected":false},"excerpt":{"rendered":"<p>Unsere langj\u00e4hre Expertise in der Software-Entwicklung findet sich auch auch in Produkten wieder, die insbesondere f\u00fcr den Einsatz in Beh\u00f6rden und \u00f6ffentlichen Institutionen geeignet sind. Multi-WAN Router-L\u00f6sungen Auf Basis von DD-WRT\u00ae NXT \u2013 unserer auf OpenWrt\u00ae basierenden Software f\u00fcr embedded Kommunikationssysteme \u2013 bieten wir leistungsf\u00e4hige Softw\u00e4rel\u00f6sungen f\u00fcr sog. Multi-WAN Router an. Diese Ger\u00e4te sind in [&hellip;]<\/p>\n","protected":false},"author":1,"featured_media":0,"parent":0,"menu_order":0,"comment_status":"closed","ping_status":"closed","template":"","meta":{"footnotes":""},"_links":{"self":[{"href":"https:\/\/staging.embedd.com\/de\/wp-json\/wp\/v2\/pages\/212"}],"collection":[{"href":"https:\/\/staging.embedd.com\/de\/wp-json\/wp\/v2\/pages"}],"about":[{"href":"https:\/\/staging.embedd.com\/de\/wp-json\/wp\/v2\/types\/page"}],"author":[{"embeddable":true,"href":"https:\/\/staging.embedd.com\/de\/wp-json\/wp\/v2\/users\/1"}],"replies":[{"embeddable":true,"href":"https:\/\/staging.embedd.com\/de\/wp-json\/wp\/v2\/comments?post=212"}],"version-history":[{"count":11,"href":"https:\/\/staging.embedd.com\/de\/wp-json\/wp\/v2\/pages\/212\/revisions"}],"predecessor-version":[{"id":231,"href":"https:\/\/staging.embedd.com\/de\/wp-json\/wp\/v2\/pages\/212\/revisions\/231"}],"wp:attachment":[{"href":"https:\/\/staging.embedd.com\/de\/wp-json\/wp\/v2\/media?parent=212"}],"curies":[{"name":"wp","href":"https:\/\/api.w.org\/{rel}","templated":true}]}}